{"id":186,"date":"2020-02-20T16:26:56","date_gmt":"2020-02-20T15:26:56","guid":{"rendered":"https:\/\/residencepostovni.cz\/?page_id=186"},"modified":"2020-02-20T16:26:56","modified_gmt":"2020-02-20T15:26:56","slug":"cookies","status":"publish","type":"page","link":"https:\/\/residencepostovni.cz\/hu\/cookies\/","title":{"rendered":"Cookies"},"content":{"rendered":"<p><strong>Cookies haszn\u00e1lati szab\u00e1lyzat<\/strong><\/p>\n<p>Al\u00e1bb olvashatja a jelen honlappal kapcsolatos legfontosabb cookies szab\u00e1lyoz\u00e1sokat.<\/p>\n<p><strong>Mi a cookies ?<\/strong><\/p>\n<p>A residencepostovni.cz\/ weboldal is cookies seg\u00edts\u00e9g\u00e9vel m\u0171k\u00f6dik. A cookies kis adatf\u00e1jlok, amelyeket a b\u00f6ng\u00e9sz\u0151 helyez el a felhaszn\u00e1l\u00f3 sz\u00e1m\u00edt\u00f3g\u00e9p\u00e9n vagy eszk\u00f6z\u00e9n. T\u00f6bbek k\u00f6z\u00f6tt inform\u00e1ci\u00f3t gy\u0171jtenek, seg\u00edt megk\u00fcl\u00f6nb\u00f6ztetni webhely\u00e9nek tev\u00e9kenys\u00e9geit a t\u00f6bbi felhaszn\u00e1l\u00f3t\u00f3l. \u00c1ltal\u00e1noss\u00e1gban megk\u00f6nny\u00edtik a weboldal haszn\u00e1lat\u00e1t a felhaszn\u00e1l\u00f3k sz\u00e1m\u00e1ra.<\/p>\n<p><strong>Mire haszn\u00e1lj\u00e1k a cookies-t?<\/strong><\/p>\n<p>A weboldal helyes megjelen\u00edt\u00e9s\u00e9hez \u00e9s m\u0171k\u00f6d\u00e9s\u00e9hez, k\u00fcl\u00f6n\u00f6sen a be\u00e1ll\u00edt\u00e1sok ment\u00e9s\u00e9hez sz\u00fcks\u00e9ges. Az oldalakat arra haszn\u00e1ljuk, hogy elemezz\u00fck webhely\u00fcnk forgalm\u00e1t, \u00e9s lehet\u0151v\u00e9 tegy\u00fck a j\u00f6v\u0151ben a tartalmak \u00e9s oldalak l\u00e9trehoz\u00e1s\u00e1t, hogy a min\u00e9l k\u00e9nyelmesebb szolg\u00e1ltat\u00e1sokat ny\u00fajtson. Statisztik\u00e1k elk\u00e9sz\u00edt\u00e9s\u00e9hez is haszn\u00e1lhat\u00f3ak, melyek \u00e9rt\u00e9kes inform\u00e1ci\u00f3kkal szolg\u00e1lnak. A cookies szint\u00e9n seg\u00edtik a remarketing \u00e9s hirdet\u00e9sek szem\u00e9lyre szabott be\u00e1ll\u00edt\u00e1s\u00e1t.<\/p>\n<p><strong>A cookies k\u00f6zz\u00e9t\u00e9tele \u00e9s tov\u00e1bbi feldolgoz\u00e1sa<\/strong><\/p>\n<p>A cookies tov\u00e1bb feldolgozza az <a href=\"http:\/\/www.google.com\/intl\/hu\/policies\/technologies\/ads\/\">AdWords<\/a> (marketinghez),\u00a0<a href=\"https:\/\/napoveda.sklik.cz\/\">Sklik<\/a> (marketinghez),\u00a0<a href=\"https:\/\/developers.google.com\/analytics\/devguides\/collection\/analyticsjs\/cookie-usage\">Google Analytics<\/a> (a webhely forgalm\u00e1nak m\u00e9r\u00e9s\u00e9re \u00e9s elemz\u00e9s\u00e9re) \u00e9s <a href=\"https:\/\/www.facebook.com\/help\/cookies\/\">Facebook<\/a> (a m\u00e9r\u00e9shez \u00e9s marketinghez).<strong>\u00a0<\/strong><\/p>\n<p><strong>Hogyan v\u00e1ltoztathatom meg a Cookies preferenci\u00e1imat?<\/strong><\/p>\n<p>A cookies t\u00e1rol\u00e1s\u00e1t az \u00d6n b\u00f6ng\u00e9sz\u0151j\u00e9nek be\u00e1ll\u00edt\u00e1sai hat\u00e1rozz\u00e1k meg. A Szem\u00e9lyes Adatv\u00e9delmi Hivatal v\u00e9lem\u00e9ny\u00e9vel \u00f6sszhangban ezt a be\u00e1ll\u00edt\u00e1st j\u00f3v\u00e1hagy\u00e1snak kell tekinteni a szem\u00e9lyes adatok feldolgoz\u00e1s\u00e1hoz.<\/p>\n<p>Ha korl\u00e1tozni vagy blokkolni szeretn\u00e9 a cookies haszn\u00e1lat\u00e1t, k\u00e9rj\u00fck, haszn\u00e1lja a b\u00f6ng\u00e9sz\u0151 be\u00e1ll\u00edt\u00e1sait. A leggyakoribb b\u00f6ng\u00e9sz\u0151k be\u00e1ll\u00edt\u00e1s\u00e1r\u00f3l l\u00e1sd az al\u00e1bbi linkeket:<\/p>\n<ul>\n<li><a href=\"https:\/\/support.google.com\/accounts\/answer\/61416?hl=hu\">Chrome<\/a><\/li>\n<li><a href=\"https:\/\/support.mozilla.org\/en-US\/kb\/cookies-information-websites-store-on-your-computer\">Firefox\u00a0<\/a><\/li>\n<li><a href=\"https:\/\/support.microsoft.com\/en-us\/help\/260971\/description-of-cookies\">Internet Explorer<\/a><\/li>\n<\/ul>\n<p>Vagy haszn\u00e1lhatja a <a href=\"https:\/\/www.youronlinechoices.com\/hu\/\">https:\/\/www.youronlinechoices.com\/hu\/<\/a> weboldalon el\u00e9rhet\u0151 cookie-kezel\u0151 eszk\u00f6zt.<\/p>\n<p><strong>Kihez fordulhatok, ha k\u00e9rd\u00e9sem van?<\/strong><\/p>\n<p>Ha b\u00e1rmilyen k\u00e9rd\u00e9se van a cookies haszn\u00e1lat\u00e1val vagy szem\u00e9lyes adatai felhaszn\u00e1l\u00e1s\u00e1val kapcsolatban, k\u00e9rj\u00fck, vegye fel vel\u00fcnk a kapcsolatot e-mailben a vitek.martin@yahoo.com, vagy \u00edrjon nek\u00fcnk a k\u00f6vetkez\u0151 c\u00edmre:<\/p>\n<p>PV-Medical Services, s.r.o.<\/p>\n<p>Kali\u0161nick\u00e1 2889\/18, 130 00 Praha 3-\u017di\u017ekov<\/p>\n","protected":false},"excerpt":{"rendered":"<p>Cookies haszn\u00e1lati szab\u00e1lyzat Al\u00e1bb olvashatja a jelen honlappal kapcsolatos legfontosabb cookies szab\u00e1lyoz\u00e1sokat. Mi a cookies ? A residencepostovni.cz\/ weboldal is cookies seg\u00edts\u00e9g\u00e9vel m\u0171k\u00f6dik. A cookies kis adatf\u00e1jlok, amelyeket a b\u00f6ng\u00e9sz\u0151 helyez el a felhaszn\u00e1l\u00f3 sz\u00e1m\u00edt\u00f3g\u00e9p\u00e9n vagy eszk\u00f6z\u00e9n. T\u00f6bbek k\u00f6z\u00f6tt inform\u00e1ci\u00f3t gy\u0171jtenek, seg\u00edt megk\u00fcl\u00f6nb\u00f6ztetni webhely\u00e9nek tev\u00e9kenys\u00e9geit a t\u00f6bbi felhaszn\u00e1l\u00f3t\u00f3l. \u00c1ltal\u00e1noss\u00e1gban megk\u00f6nny\u00edtik a weboldal haszn\u00e1lat\u00e1t a felhaszn\u00e1l\u00f3k [&hellip;]<\/p>\n","protected":false},"author":3,"featured_media":0,"parent":0,"menu_order":0,"comment_status":"closed","ping_status":"closed","template":"","meta":{"_acf_changed":false,"footnotes":""},"class_list":["post-186","page","type-page","status-publish","hentry"],"acf":[],"yoast_head":"<!-- This site is optimized with the Yoast SEO plugin v27.4 - https:\/\/yoast.com\/product\/yoast-seo-wordpress\/ -->\n<title>Cookies - Residence Po\u0161tovn\u00ed<\/title>\n<meta name=\"robots\" content=\"index, follow, max-snippet:-1, max-image-preview:large, max-video-preview:-1\" \/>\n<link rel=\"canonical\" href=\"https:\/\/residencepostovni.cz\/hu\/cookies\/\" \/>\n<meta property=\"og:locale\" content=\"hu_HU\" \/>\n<meta property=\"og:type\" content=\"article\" \/>\n<meta property=\"og:title\" content=\"Cookies - Residence Po\u0161tovn\u00ed\" \/>\n<meta property=\"og:description\" content=\"Cookies haszn\u00e1lati szab\u00e1lyzat Al\u00e1bb olvashatja a jelen honlappal kapcsolatos legfontosabb cookies szab\u00e1lyoz\u00e1sokat. Mi a cookies ? A residencepostovni.cz\/ weboldal is cookies seg\u00edts\u00e9g\u00e9vel m\u0171k\u00f6dik. A cookies kis adatf\u00e1jlok, amelyeket a b\u00f6ng\u00e9sz\u0151 helyez el a felhaszn\u00e1l\u00f3 sz\u00e1m\u00edt\u00f3g\u00e9p\u00e9n vagy eszk\u00f6z\u00e9n. T\u00f6bbek k\u00f6z\u00f6tt inform\u00e1ci\u00f3t gy\u0171jtenek, seg\u00edt megk\u00fcl\u00f6nb\u00f6ztetni webhely\u00e9nek tev\u00e9kenys\u00e9geit a t\u00f6bbi felhaszn\u00e1l\u00f3t\u00f3l. \u00c1ltal\u00e1noss\u00e1gban megk\u00f6nny\u00edtik a weboldal haszn\u00e1lat\u00e1t a felhaszn\u00e1l\u00f3k [&hellip;]\" \/>\n<meta property=\"og:url\" content=\"https:\/\/residencepostovni.cz\/hu\/cookies\/\" \/>\n<meta property=\"og:site_name\" content=\"Residence Po\u0161tovn\u00ed\" \/>\n<meta name=\"twitter:card\" content=\"summary_large_image\" \/>\n<meta name=\"twitter:label1\" content=\"Becs\u00fclt olvas\u00e1si id\u0151\" \/>\n\t<meta name=\"twitter:data1\" content=\"2 perc\" \/>\n<script type=\"application\/ld+json\" class=\"yoast-schema-graph\">{\"@context\":\"https:\\\/\\\/schema.org\",\"@graph\":[{\"@type\":\"WebPage\",\"@id\":\"https:\\\/\\\/residencepostovni.cz\\\/hu\\\/cookies\\\/\",\"url\":\"https:\\\/\\\/residencepostovni.cz\\\/hu\\\/cookies\\\/\",\"name\":\"Cookies - Residence Po\u0161tovn\u00ed\",\"isPartOf\":{\"@id\":\"https:\\\/\\\/residencepostovni.cz\\\/#website\"},\"datePublished\":\"2020-02-20T15:26:56+00:00\",\"breadcrumb\":{\"@id\":\"https:\\\/\\\/residencepostovni.cz\\\/hu\\\/cookies\\\/#breadcrumb\"},\"inLanguage\":\"hu\",\"potentialAction\":[{\"@type\":\"ReadAction\",\"target\":[\"https:\\\/\\\/residencepostovni.cz\\\/hu\\\/cookies\\\/\"]}]},{\"@type\":\"BreadcrumbList\",\"@id\":\"https:\\\/\\\/residencepostovni.cz\\\/hu\\\/cookies\\\/#breadcrumb\",\"itemListElement\":[{\"@type\":\"ListItem\",\"position\":1,\"name\":\"Dom\u016f\",\"item\":\"https:\\\/\\\/residencepostovni.cz\\\/hu\\\/\"},{\"@type\":\"ListItem\",\"position\":2,\"name\":\"Cookies\"}]},{\"@type\":\"WebSite\",\"@id\":\"https:\\\/\\\/residencepostovni.cz\\\/#website\",\"url\":\"https:\\\/\\\/residencepostovni.cz\\\/\",\"name\":\"Residence Po\u0161tovn\u00ed\",\"description\":\"\",\"potentialAction\":[{\"@type\":\"SearchAction\",\"target\":{\"@type\":\"EntryPoint\",\"urlTemplate\":\"https:\\\/\\\/residencepostovni.cz\\\/?s={search_term_string}\"},\"query-input\":{\"@type\":\"PropertyValueSpecification\",\"valueRequired\":true,\"valueName\":\"search_term_string\"}}],\"inLanguage\":\"hu\"}]}<\/script>\n<!-- \/ Yoast SEO plugin. -->","yoast_head_json":{"title":"Cookies - Residence Po\u0161tovn\u00ed","robots":{"index":"index","follow":"follow","max-snippet":"max-snippet:-1","max-image-preview":"max-image-preview:large","max-video-preview":"max-video-preview:-1"},"canonical":"https:\/\/residencepostovni.cz\/hu\/cookies\/","og_locale":"hu_HU","og_type":"article","og_title":"Cookies - Residence Po\u0161tovn\u00ed","og_description":"Cookies haszn\u00e1lati szab\u00e1lyzat Al\u00e1bb olvashatja a jelen honlappal kapcsolatos legfontosabb cookies szab\u00e1lyoz\u00e1sokat. Mi a cookies ? A residencepostovni.cz\/ weboldal is cookies seg\u00edts\u00e9g\u00e9vel m\u0171k\u00f6dik. A cookies kis adatf\u00e1jlok, amelyeket a b\u00f6ng\u00e9sz\u0151 helyez el a felhaszn\u00e1l\u00f3 sz\u00e1m\u00edt\u00f3g\u00e9p\u00e9n vagy eszk\u00f6z\u00e9n. T\u00f6bbek k\u00f6z\u00f6tt inform\u00e1ci\u00f3t gy\u0171jtenek, seg\u00edt megk\u00fcl\u00f6nb\u00f6ztetni webhely\u00e9nek tev\u00e9kenys\u00e9geit a t\u00f6bbi felhaszn\u00e1l\u00f3t\u00f3l. \u00c1ltal\u00e1noss\u00e1gban megk\u00f6nny\u00edtik a weboldal haszn\u00e1lat\u00e1t a felhaszn\u00e1l\u00f3k [&hellip;]","og_url":"https:\/\/residencepostovni.cz\/hu\/cookies\/","og_site_name":"Residence Po\u0161tovn\u00ed","twitter_card":"summary_large_image","twitter_misc":{"Becs\u00fclt olvas\u00e1si id\u0151":"2 perc"},"schema":{"@context":"https:\/\/schema.org","@graph":[{"@type":"WebPage","@id":"https:\/\/residencepostovni.cz\/hu\/cookies\/","url":"https:\/\/residencepostovni.cz\/hu\/cookies\/","name":"Cookies - Residence Po\u0161tovn\u00ed","isPartOf":{"@id":"https:\/\/residencepostovni.cz\/#website"},"datePublished":"2020-02-20T15:26:56+00:00","breadcrumb":{"@id":"https:\/\/residencepostovni.cz\/hu\/cookies\/#breadcrumb"},"inLanguage":"hu","potentialAction":[{"@type":"ReadAction","target":["https:\/\/residencepostovni.cz\/hu\/cookies\/"]}]},{"@type":"BreadcrumbList","@id":"https:\/\/residencepostovni.cz\/hu\/cookies\/#breadcrumb","itemListElement":[{"@type":"ListItem","position":1,"name":"Dom\u016f","item":"https:\/\/residencepostovni.cz\/hu\/"},{"@type":"ListItem","position":2,"name":"Cookies"}]},{"@type":"WebSite","@id":"https:\/\/residencepostovni.cz\/#website","url":"https:\/\/residencepostovni.cz\/","name":"Residence Po\u0161tovn\u00ed","description":"","potentialAction":[{"@type":"SearchAction","target":{"@type":"EntryPoint","urlTemplate":"https:\/\/residencepostovni.cz\/?s={search_term_string}"},"query-input":{"@type":"PropertyValueSpecification","valueRequired":true,"valueName":"search_term_string"}}],"inLanguage":"hu"}]}},"_links":{"self":[{"href":"https:\/\/residencepostovni.cz\/hu\/wp-json\/wp\/v2\/pages\/186","targetHints":{"allow":["GET"]}}],"collection":[{"href":"https:\/\/residencepostovni.cz\/hu\/wp-json\/wp\/v2\/pages"}],"about":[{"href":"https:\/\/residencepostovni.cz\/hu\/wp-json\/wp\/v2\/types\/page"}],"author":[{"embeddable":true,"href":"https:\/\/residencepostovni.cz\/hu\/wp-json\/wp\/v2\/users\/3"}],"replies":[{"embeddable":true,"href":"https:\/\/residencepostovni.cz\/hu\/wp-json\/wp\/v2\/comments?post=186"}],"version-history":[{"count":3,"href":"https:\/\/residencepostovni.cz\/hu\/wp-json\/wp\/v2\/pages\/186\/revisions"}],"predecessor-version":[{"id":215,"href":"https:\/\/residencepostovni.cz\/hu\/wp-json\/wp\/v2\/pages\/186\/revisions\/215"}],"wp:attachment":[{"href":"https:\/\/residencepostovni.cz\/hu\/wp-json\/wp\/v2\/media?parent=186"}],"curies":[{"name":"wp","href":"https:\/\/api.w.org\/{rel}","templated":true}]}}