{"id":193,"date":"2019-03-24T22:50:56","date_gmt":"2019-03-24T21:50:56","guid":{"rendered":"https:\/\/residencepostovni.cz\/ochrana-osobnich-udaju\/"},"modified":"2020-03-09T19:22:23","modified_gmt":"2020-03-09T18:22:23","slug":"adatvedelmi-iranyelvek","status":"publish","type":"page","link":"https:\/\/residencepostovni.cz\/hu\/adatvedelmi-iranyelvek\/","title":{"rendered":"Adatv\u00e9delmi ir\u00e1nyelvek"},"content":{"rendered":"<ol>\n<li>A PV-Medical Services, sro, sz\u00e9khelye: Kali\u0161nick\u00e1 2889\/18, 130 00 Prague 3-\u017di\u017ekov, ID 29361281, a rendelet 26. cikke \u00e9rtelm\u00e9ben a pr\u00e1gai region\u00e1lis b\u00edr\u00f3s\u00e1g \u00e1ltal vezetett kereskedelmi nyilv\u00e1ntart\u00e1sba, C szakasz, 251123 \/ MSPH \u00fcgy, mint szem\u00e9lyes adatkezel\u0151. A szem\u00e9lyes adatok feldolgoz\u00e1sa sor\u00e1n az egy\u00e9nek v\u00e9delm\u00e9r\u0151l \u00e9s az ilyen adatok szabad \u00e1raml\u00e1s\u00e1r\u00f3l, valamint a 95\/46 \/ ES hat\u00e1lyon k\u00edv\u00fcl helyez\u00e9s\u00e9r\u0151l sz\u00f3l\u00f3 2016\/679 \/ EU (a szem\u00e9lyes adatok v\u00e9delm\u00e9r\u0151l sz\u00f3l\u00f3 \u00e1ltal\u00e1nos rendelet), (a tov\u00e1bbiakban: rendelet), a k\u00f6vetkez\u0151 szem\u00e9lyes adatok:\n<ol>\n<li>n\u00e9v \u00e9s vezet\u00e9kn\u00e9v,<\/li>\n<li>E-mail c\u00edm,<\/li>\n<li>\u00fczenet sz\u00f6vege.<\/li>\n<\/ol>\n<\/li>\n<li>A n\u00e9v, a vezet\u00e9kn\u00e9v \u00e9s az e-mail c\u00edm feldolgoz\u00e1sa sz\u00fcks\u00e9ges a szolg\u00e1ltat\u00e1si aj\u00e1nlat l\u00e9trehoz\u00e1s\u00e1hoz, az aj\u00e1nlat megt\u00e1rgyal\u00e1s\u00e1hoz vagy a k\u00e9rd\u00e9se megv\u00e1laszol\u00e1s\u00e1hoz. A 6. cikk (1) bekezd\u00e9s\u00e9nek a) pontja el\u0151\u00edrja az ilyen feldolgoz\u00e1st. b) Szab\u00e1lyoz\u00e1s. Ezeket a szem\u00e9lyes adatokat a PV-Medical Services t\u00e1rsas\u00e1g kezeli az \u00d6n \u00e9s a PV-Medical Services t\u00e1rsas\u00e1g k\u00f6z\u00f6tt a szolg\u00e1ltat\u00e1saink haszn\u00e1lat\u00e1r\u00f3l sz\u00f3l\u00f3 t\u00e1rgyal\u00e1sok sor\u00e1n, \u00e9s legk\u00e9s\u0151bb 2 \u00e9vig az \u00d6n szolg\u00e1ltat\u00e1s ig\u00e9ny\u00e9t\u0151l , kiv\u00e9ve, ha hozz\u00e1j\u00e1rul a tov\u00e1bbi feldolgoz\u00e1shoz.<\/li>\n<li>A szem\u00e9lyes adatok feldolgoz\u00e1s\u00e1t az adminisztr\u00e1tor \u00e9s esetleg m\u00e1s szoftver-, szolg\u00e1ltat\u00e1s- \u00e9s alkalmaz\u00e1s-szolg\u00e1ltat\u00f3k v\u00e9gzik, amelyeket a K\u00f6z\u00f6s Rendszergazd\u00e1k jelenleg nem haszn\u00e1lnak.<\/li>\n<li>Felh\u00edvjuk figyelm\u00e9t, hogy a rendelet \u00e9rtelm\u00e9ben \u00d6nnek joga van:\n<ol>\n<li>k\u00e9rjen t\u0151l\u00fcnk inform\u00e1ci\u00f3t arr\u00f3l, hogy mik\u00e9nt dolgozzuk fel szem\u00e9lyes adatait, vagy k\u00e9rjen m\u00e1solatot e szem\u00e9lyes adatokr\u00f3l<\/li>\n<li>k\u00e9rjen t\u0151l\u00fcnk hozz\u00e1f\u00e9r\u00e9st ezen adatokhoz, friss\u00edt\u00e9s\u00fcket vagy jav\u00edt\u00e1sukat, vagy k\u00e9rjen feldolgoz\u00e1si korl\u00e1toz\u00e1sokat,<\/li>\n<li>k\u00e9rje, hogy t\u00f6r\u00f6lj\u00fck a szem\u00e9lyes inform\u00e1ci\u00f3it &#8211; de az ilyen t\u00f6rl\u00e9s miatt a szolg\u00e1ltat\u00e1saink haszn\u00e1lat\u00e1r\u00f3l folytatott t\u00e1rgyal\u00e1sait megsz\u00fcntetik, \u00e9s csak akkor hajtj\u00e1k v\u00e9gre, ha a k\u00f6z\u00f6s vezet\u0151k \u00e9rdekei fel\u00fclb\u00edr\u00e1lj\u00e1k az \u00d6n szem\u00e9lyes adatait,<\/li>\n<li>az adatok hordozhat\u00f3s\u00e1g\u00e1t az automatikus feldolgoz\u00e1s est\u00e9ben<\/li>\n<li>hat\u00e9kony b\u00edr\u00f3i jogv\u00e9delem, ha \u00fagy gondolja, hogy a rendelet szerinti jogait megs\u00e9rtett\u00e9k szem\u00e9lyes adatainak e rendelettel s\u00e9rt\u0151 feldolgoz\u00e1sa eredm\u00e9nyek\u00e9nt,<\/li>\n<li>panaszt ny\u00fajthat be a Szem\u00e9lyes Adatv\u00e9delmi Hivatalhoz.<\/li>\n<\/ol>\n<\/li>\n<\/ol>\n","protected":false},"excerpt":{"rendered":"<p>A PV-Medical Services, sro, sz\u00e9khelye: Kali\u0161nick\u00e1 2889\/18, 130 00 Prague 3-\u017di\u017ekov, ID 29361281, a rendelet 26. cikke \u00e9rtelm\u00e9ben a pr\u00e1gai region\u00e1lis b\u00edr\u00f3s\u00e1g \u00e1ltal vezetett kereskedelmi nyilv\u00e1ntart\u00e1sba, C szakasz, 251123 \/ MSPH \u00fcgy, mint szem\u00e9lyes adatkezel\u0151. A szem\u00e9lyes adatok feldolgoz\u00e1sa sor\u00e1n az egy\u00e9nek v\u00e9delm\u00e9r\u0151l \u00e9s az ilyen adatok szabad \u00e1raml\u00e1s\u00e1r\u00f3l, valamint a 95\/46 \/ ES hat\u00e1lyon [&hellip;]<\/p>\n","protected":false},"author":1,"featured_media":0,"parent":0,"menu_order":0,"comment_status":"closed","ping_status":"open","template":"","meta":{"_acf_changed":false,"footnotes":""},"class_list":["post-193","page","type-page","status-publish","hentry"],"acf":[],"yoast_head":"<!-- This site is optimized with the Yoast SEO plugin v27.2 - https:\/\/yoast.com\/product\/yoast-seo-wordpress\/ -->\n<title>Adatv\u00e9delmi ir\u00e1nyelvek - Residence Po\u0161tovn\u00ed<\/title>\n<meta name=\"robots\" content=\"index, follow, max-snippet:-1, max-image-preview:large, max-video-preview:-1\" \/>\n<link rel=\"canonical\" href=\"https:\/\/residencepostovni.cz\/hu\/adatvedelmi-iranyelvek\/\" \/>\n<meta property=\"og:locale\" content=\"hu_HU\" \/>\n<meta property=\"og:type\" content=\"article\" \/>\n<meta property=\"og:title\" content=\"Adatv\u00e9delmi ir\u00e1nyelvek - Residence Po\u0161tovn\u00ed\" \/>\n<meta property=\"og:description\" content=\"A PV-Medical Services, sro, sz\u00e9khelye: Kali\u0161nick\u00e1 2889\/18, 130 00 Prague 3-\u017di\u017ekov, ID 29361281, a rendelet 26. cikke \u00e9rtelm\u00e9ben a pr\u00e1gai region\u00e1lis b\u00edr\u00f3s\u00e1g \u00e1ltal vezetett kereskedelmi nyilv\u00e1ntart\u00e1sba, C szakasz, 251123 \/ MSPH \u00fcgy, mint szem\u00e9lyes adatkezel\u0151. A szem\u00e9lyes adatok feldolgoz\u00e1sa sor\u00e1n az egy\u00e9nek v\u00e9delm\u00e9r\u0151l \u00e9s az ilyen adatok szabad \u00e1raml\u00e1s\u00e1r\u00f3l, valamint a 95\/46 \/ ES hat\u00e1lyon [&hellip;]\" \/>\n<meta property=\"og:url\" content=\"https:\/\/residencepostovni.cz\/hu\/adatvedelmi-iranyelvek\/\" \/>\n<meta property=\"og:site_name\" content=\"Residence Po\u0161tovn\u00ed\" \/>\n<meta property=\"article:modified_time\" content=\"2020-03-09T18:22:23+00:00\" \/>\n<meta name=\"twitter:card\" content=\"summary_large_image\" \/>\n<meta name=\"twitter:label1\" content=\"Becs\u00fclt olvas\u00e1si id\u0151\" \/>\n\t<meta name=\"twitter:data1\" content=\"2 perc\" \/>\n<script type=\"application\/ld+json\" class=\"yoast-schema-graph\">{\"@context\":\"https:\/\/schema.org\",\"@graph\":[{\"@type\":\"WebPage\",\"@id\":\"https:\/\/residencepostovni.cz\/hu\/adatvedelmi-iranyelvek\/\",\"url\":\"https:\/\/residencepostovni.cz\/hu\/adatvedelmi-iranyelvek\/\",\"name\":\"Adatv\u00e9delmi ir\u00e1nyelvek - Residence Po\u0161tovn\u00ed\",\"isPartOf\":{\"@id\":\"https:\/\/residencepostovni.cz\/#website\"},\"datePublished\":\"2019-03-24T21:50:56+00:00\",\"dateModified\":\"2020-03-09T18:22:23+00:00\",\"breadcrumb\":{\"@id\":\"https:\/\/residencepostovni.cz\/hu\/adatvedelmi-iranyelvek\/#breadcrumb\"},\"inLanguage\":\"hu\",\"potentialAction\":[{\"@type\":\"ReadAction\",\"target\":[\"https:\/\/residencepostovni.cz\/hu\/adatvedelmi-iranyelvek\/\"]}]},{\"@type\":\"BreadcrumbList\",\"@id\":\"https:\/\/residencepostovni.cz\/hu\/adatvedelmi-iranyelvek\/#breadcrumb\",\"itemListElement\":[{\"@type\":\"ListItem\",\"position\":1,\"name\":\"Dom\u016f\",\"item\":\"https:\/\/residencepostovni.cz\/hu\/\"},{\"@type\":\"ListItem\",\"position\":2,\"name\":\"Adatv\u00e9delmi ir\u00e1nyelvek\"}]},{\"@type\":\"WebSite\",\"@id\":\"https:\/\/residencepostovni.cz\/#website\",\"url\":\"https:\/\/residencepostovni.cz\/\",\"name\":\"Residence Po\u0161tovn\u00ed\",\"description\":\"\",\"potentialAction\":[{\"@type\":\"SearchAction\",\"target\":{\"@type\":\"EntryPoint\",\"urlTemplate\":\"https:\/\/residencepostovni.cz\/?s={search_term_string}\"},\"query-input\":{\"@type\":\"PropertyValueSpecification\",\"valueRequired\":true,\"valueName\":\"search_term_string\"}}],\"inLanguage\":\"hu\"}]}<\/script>\n<!-- \/ Yoast SEO plugin. -->","yoast_head_json":{"title":"Adatv\u00e9delmi ir\u00e1nyelvek - Residence Po\u0161tovn\u00ed","robots":{"index":"index","follow":"follow","max-snippet":"max-snippet:-1","max-image-preview":"max-image-preview:large","max-video-preview":"max-video-preview:-1"},"canonical":"https:\/\/residencepostovni.cz\/hu\/adatvedelmi-iranyelvek\/","og_locale":"hu_HU","og_type":"article","og_title":"Adatv\u00e9delmi ir\u00e1nyelvek - Residence Po\u0161tovn\u00ed","og_description":"A PV-Medical Services, sro, sz\u00e9khelye: Kali\u0161nick\u00e1 2889\/18, 130 00 Prague 3-\u017di\u017ekov, ID 29361281, a rendelet 26. cikke \u00e9rtelm\u00e9ben a pr\u00e1gai region\u00e1lis b\u00edr\u00f3s\u00e1g \u00e1ltal vezetett kereskedelmi nyilv\u00e1ntart\u00e1sba, C szakasz, 251123 \/ MSPH \u00fcgy, mint szem\u00e9lyes adatkezel\u0151. A szem\u00e9lyes adatok feldolgoz\u00e1sa sor\u00e1n az egy\u00e9nek v\u00e9delm\u00e9r\u0151l \u00e9s az ilyen adatok szabad \u00e1raml\u00e1s\u00e1r\u00f3l, valamint a 95\/46 \/ ES hat\u00e1lyon [&hellip;]","og_url":"https:\/\/residencepostovni.cz\/hu\/adatvedelmi-iranyelvek\/","og_site_name":"Residence Po\u0161tovn\u00ed","article_modified_time":"2020-03-09T18:22:23+00:00","twitter_card":"summary_large_image","twitter_misc":{"Becs\u00fclt olvas\u00e1si id\u0151":"2 perc"},"schema":{"@context":"https:\/\/schema.org","@graph":[{"@type":"WebPage","@id":"https:\/\/residencepostovni.cz\/hu\/adatvedelmi-iranyelvek\/","url":"https:\/\/residencepostovni.cz\/hu\/adatvedelmi-iranyelvek\/","name":"Adatv\u00e9delmi ir\u00e1nyelvek - Residence Po\u0161tovn\u00ed","isPartOf":{"@id":"https:\/\/residencepostovni.cz\/#website"},"datePublished":"2019-03-24T21:50:56+00:00","dateModified":"2020-03-09T18:22:23+00:00","breadcrumb":{"@id":"https:\/\/residencepostovni.cz\/hu\/adatvedelmi-iranyelvek\/#breadcrumb"},"inLanguage":"hu","potentialAction":[{"@type":"ReadAction","target":["https:\/\/residencepostovni.cz\/hu\/adatvedelmi-iranyelvek\/"]}]},{"@type":"BreadcrumbList","@id":"https:\/\/residencepostovni.cz\/hu\/adatvedelmi-iranyelvek\/#breadcrumb","itemListElement":[{"@type":"ListItem","position":1,"name":"Dom\u016f","item":"https:\/\/residencepostovni.cz\/hu\/"},{"@type":"ListItem","position":2,"name":"Adatv\u00e9delmi ir\u00e1nyelvek"}]},{"@type":"WebSite","@id":"https:\/\/residencepostovni.cz\/#website","url":"https:\/\/residencepostovni.cz\/","name":"Residence Po\u0161tovn\u00ed","description":"","potentialAction":[{"@type":"SearchAction","target":{"@type":"EntryPoint","urlTemplate":"https:\/\/residencepostovni.cz\/?s={search_term_string}"},"query-input":{"@type":"PropertyValueSpecification","valueRequired":true,"valueName":"search_term_string"}}],"inLanguage":"hu"}]}},"_links":{"self":[{"href":"https:\/\/residencepostovni.cz\/hu\/wp-json\/wp\/v2\/pages\/193","targetHints":{"allow":["GET"]}}],"collection":[{"href":"https:\/\/residencepostovni.cz\/hu\/wp-json\/wp\/v2\/pages"}],"about":[{"href":"https:\/\/residencepostovni.cz\/hu\/wp-json\/wp\/v2\/types\/page"}],"author":[{"embeddable":true,"href":"https:\/\/residencepostovni.cz\/hu\/wp-json\/wp\/v2\/users\/1"}],"replies":[{"embeddable":true,"href":"https:\/\/residencepostovni.cz\/hu\/wp-json\/wp\/v2\/comments?post=193"}],"version-history":[{"count":4,"href":"https:\/\/residencepostovni.cz\/hu\/wp-json\/wp\/v2\/pages\/193\/revisions"}],"predecessor-version":[{"id":223,"href":"https:\/\/residencepostovni.cz\/hu\/wp-json\/wp\/v2\/pages\/193\/revisions\/223"}],"wp:attachment":[{"href":"https:\/\/residencepostovni.cz\/hu\/wp-json\/wp\/v2\/media?parent=193"}],"curies":[{"name":"wp","href":"https:\/\/api.w.org\/{rel}","templated":true}]}}