{"id":195,"date":"2019-03-24T22:50:56","date_gmt":"2019-03-24T21:50:56","guid":{"rendered":"https:\/\/residencepostovni.cz\/ochrana-osobnich-udaju\/"},"modified":"2020-02-20T16:56:47","modified_gmt":"2020-02-20T15:56:47","slug":"ochrana-osobnich-udaju","status":"publish","type":"page","link":"https:\/\/residencepostovni.cz\/sk\/ochrana-osobnich-udaju\/","title":{"rendered":"Ochrana osobn\u00fdch \u00fadajov"},"content":{"rendered":"<\/h2>\r\n<h2><\/h2>\r\n<h2 class=\"wp-block-heading\"><\/h2>\r\n<ol class=\"ochrana\">\r\n<li>Spolo\u010dnos\u0165 PV-Medical Services, sro, so s\u00eddlom Kali\u0161nick\u00e1 2889\/18, 130 00 Praha 3-\u017di\u017ekov, I\u010c 29361281, zap\u00edsan\u00e1 v obchodnom registri Okresn\u00e9ho s\u00fadu Praha oddiel C, vlo\u017eka 251123 \/ MSPH ako spr\u00e1vca osobn\u00fdch \u00fadajov pod\u013ea \u010dl. 26 Nariadenie , spracov\u00e1vaj\u00fa v pr\u00edpade v\u00e1\u0161ho dopytu slu\u017eieb v zmysle nariadenia Eur\u00f3pskeho parlamentu a Rady (E\u00da) \u010d. 2016\/679 o ochrane fyzick\u00fdch os\u00f4b pri sprac\u00favan\u00ed osobn\u00fdch \u00fadajov a vo\u013enom pohybe t\u00fdchto \u00fadajov a o zru\u0161en\u00ed smernice 95\/46 \/ ES (v\u0161eobecn\u00e9 nariadenie ochrane osobn\u00fdch \u00fadajov) (predt\u00fdm aj \u010falej len &#8222;Nariadenie&#8220;), nasleduj\u00face osobn\u00e9 \u00fadaje:\r\n<ol>\r\n<li>meno a priezvisko,<\/li>\r\n<li>emailov\u00fa adresu,<\/li>\r\n<li>text spr\u00e1vy.<\/li>\r\n<\/ol>\r\n<\/li>\r\n<li>Meno, priezvisko a emailov\u00fa adresu je nutn\u00e9 spracova\u0165 pre vytvorenie ponuky slu\u017eieb, jednanie o tejto ponuke alebo za \u00fa\u010delom odpovede na Va\u0161e dotazy. Tak\u00e9to spracovanie umo\u017e\u0148uje \u010dl. 6. ods. 1 p\u00edsm. b) Nariadenie. Tieto osobn\u00e9 \u00fadaje bud\u00fa spolo\u010dnos\u0165ou PV-Medical Services s.r.o. spracov\u00e1van\u00e9 po dobu jednania o v\u00e1\u0161ho vyu\u017eitia na\u0161ich slu\u017eieb medzi vami a PV-Medical Services s.r.o., najdlh\u0161ie 2 roky od v\u00e1\u0161ho dopytu, pokia\u013e neudel\u00edte s\u00fahlas na \u010fal\u0161ie spracovanie.<\/li>\r\n<li>Spracovanie osobn\u00fdch \u00fadajov je vykon\u00e1van\u00e9 spr\u00e1vcom a pr\u00edpadne \u010fal\u0161\u00edmi poskytovate\u013emi spracovate\u013esk\u00fdch softv\u00e9rov, slu\u017eieb a aplik\u00e1ci\u00ed, ktor\u00e9 v\u0161ak v s\u00fa\u010dasnosti Spolo\u010dn\u00ed spr\u00e1vcovia nevyu\u017e\u00edvaj\u00fa.<\/li>\r\n<li>Vezmite, pros\u00edm, na vedomie, \u017ee pod\u013ea Nariadenia m\u00e1te pr\u00e1vo:\r\n<ol>\r\n<li>po\u017eadova\u0165 od n\u00e1s inform\u00e1ciu, ako va\u0161e osobn\u00e9 \u00fadaje spracov\u00e1vame, pr\u00edpadne \u017eiada\u0165 k\u00f3piu t\u00fdchto osobn\u00fdch \u00fadajov,<\/li>\r\n<li>vy\u017eiada\u0165 si pr\u00edstup k t\u00fdmto \u00fadajom a necha\u0165 ich aktualizova\u0165 alebo opravi\u0165, alebo po\u017eadova\u0165 obmedzenia spracovania,<\/li>\r\n<li>po\u017eadova\u0165 od n\u00e1s vymazanie t\u00fdchto osobn\u00fdch \u00fadajov &#8211; tento v\u00fdmaz v\u0161ak bude ma\u0165 za n\u00e1sledok ukon\u010denie jednania o va\u0161om vyu\u017eit\u00ed na\u0161ich slu\u017eieb a bude vykonan\u00fd len v pr\u00edpade, \u017ee z\u00e1ujmy spolo\u010dn\u00fdch spr\u00e1vcov preva\u017euj\u00fa nad va\u0161ou ochranou s\u00fakromia,<\/li>\r\n<li>na prenosnos\u0165 \u00fadajov, pokia\u013e ide o automatizovan\u00e9 spracovanie,<\/li>\r\n<li>na \u00fa\u010dinn\u00fa s\u00fadnu ochranu, ak m\u00e1te za to, \u017ee va\u0161e pr\u00e1va pod\u013ea Nariadenia boli poru\u0161en\u00e9 v d\u00f4sledku spracovania va\u0161ich osobn\u00fdch \u00fadajov v rozpore s t\u00fdmto Nariaden\u00edm,<\/li>\r\n<li>poda\u0165 s\u0165a\u017enos\u0165 na \u00darade pre ochranu osobn\u00fdch \u00fadajov.<\/li>\r\n<\/ol>\r\n<\/li>\r\n<\/ol>\r\n<!-- \/wp:heading --><!-- wp:heading -->\r\n<h2><!-- wp:heading --><\/h2>\r\n<h2><!-- wp:heading --><\/h2>\r\n<h2><!-- wp:heading --><\/h2>\r\n<ol class=\"ochrana\">\r\n<li>Spolo\u010dnos\u0165 PV-Medical Services, sro, so s\u00eddlom Kali\u0161nick\u00e1 2889\/18, 130 00 Praha 3-\u017di\u017ekov, I\u010c 29361281, zap\u00edsan\u00e1 v obchodnom registri Okresn\u00e9ho s\u00fadu Praha oddiel C, vlo\u017eka 251123 \/ MSPH ako spr\u00e1vca osobn\u00fdch \u00fadajov pod\u013ea \u010dl. 26 Nariadenie , spracov\u00e1vaj\u00fa v pr\u00edpade v\u00e1\u0161ho dopytu slu\u017eieb v zmysle nariadenia Eur\u00f3pskeho parlamentu a Rady (E\u00da) \u010d. 2016\/679 o ochrane fyzick\u00fdch os\u00f4b pri sprac\u00favan\u00ed osobn\u00fdch \u00fadajov a vo\u013enom pohybe t\u00fdchto \u00fadajov a o zru\u0161en\u00ed smernice 95\/46 \/ ES (v\u0161eobecn\u00e9 nariadenie ochrane osobn\u00fdch \u00fadajov) (predt\u00fdm aj \u010falej len &#8222;Nariadenie&#8220;), nasleduj\u00face osobn\u00e9 \u00fadaje:\r\n<ol>\r\n<li>meno a priezvisko,<\/li>\r\n<li>emailov\u00fa adresu,<\/li>\r\n<li>text spr\u00e1vy.<\/li>\r\n<\/ol>\r\n<\/li>\r\n<li>Meno, priezvisko a emailov\u00fa adresu je nutn\u00e9 spracova\u0165 pre vytvorenie ponuky slu\u017eieb, jednanie o tejto ponuke alebo za \u00fa\u010delom odpovede na Va\u0161e dotazy. Tak\u00e9to spracovanie umo\u017e\u0148uje \u010dl. 6. ods. 1 p\u00edsm. b) Nariadenie. Tieto osobn\u00e9 \u00fadaje bud\u00fa spolo\u010dnos\u0165ou PV-Medical Services s.r.o. spracov\u00e1van\u00e9 po dobu jednania o v\u00e1\u0161ho vyu\u017eitia na\u0161ich slu\u017eieb medzi vami a PV-Medical Services s.r.o., najdlh\u0161ie 2 roky od v\u00e1\u0161ho dopytu, pokia\u013e neudel\u00edte s\u00fahlas na \u010fal\u0161ie spracovanie.<\/li>\r\n<li>Spracovanie osobn\u00fdch \u00fadajov je vykon\u00e1van\u00e9 spr\u00e1vcom a pr\u00edpadne \u010fal\u0161\u00edmi poskytovate\u013emi spracovate\u013esk\u00fdch softv\u00e9rov, slu\u017eieb a aplik\u00e1ci\u00ed, ktor\u00e9 v\u0161ak v s\u00fa\u010dasnosti Spolo\u010dn\u00ed spr\u00e1vcovia nevyu\u017e\u00edvaj\u00fa.<\/li>\r\n<li>Vezmite, pros\u00edm, na vedomie, \u017ee pod\u013ea Nariadenia m\u00e1te pr\u00e1vo:\r\n<ol>\r\n<li>po\u017eadova\u0165 od n\u00e1s inform\u00e1ciu, ako va\u0161e osobn\u00e9 \u00fadaje spracov\u00e1vame, pr\u00edpadne \u017eiada\u0165 k\u00f3piu t\u00fdchto osobn\u00fdch \u00fadajov,<\/li>\r\n<li>vy\u017eiada\u0165 si pr\u00edstup k t\u00fdmto \u00fadajom a necha\u0165 ich aktualizova\u0165 alebo opravi\u0165, alebo po\u017eadova\u0165 obmedzenia spracovania,<\/li>\r\n<li>po\u017eadova\u0165 od n\u00e1s vymazanie t\u00fdchto osobn\u00fdch \u00fadajov &#8211; tento v\u00fdmaz v\u0161ak bude ma\u0165 za n\u00e1sledok ukon\u010denie jednania o va\u0161om vyu\u017eit\u00ed na\u0161ich slu\u017eieb a bude vykonan\u00fd len v pr\u00edpade, \u017ee z\u00e1ujmy spolo\u010dn\u00fdch spr\u00e1vcov preva\u017euj\u00fa nad va\u0161ou ochranou s\u00fakromia,<\/li>\r\n<li>na prenosnos\u0165 \u00fadajov, pokia\u013e ide o automatizovan\u00e9 spracovanie,<\/li>\r\n<li>na \u00fa\u010dinn\u00fa s\u00fadnu ochranu, ak m\u00e1te za to, \u017ee va\u0161e pr\u00e1va pod\u013ea Nariadenia boli poru\u0161en\u00e9 v d\u00f4sledku spracovania va\u0161ich osobn\u00fdch \u00fadajov v rozpore s t\u00fdmto Nariaden\u00edm,<\/li>\r\n<li>poda\u0165 s\u0165a\u017enos\u0165 na \u00darade pre ochranu osobn\u00fdch \u00fadajov.<\/li>\r\n<\/ol>\r\n<\/li>\r\n<\/ol>\r\n<!-- \/wp:heading --><!-- \/wp:post-content --><!-- \/wp:heading --><!-- wp:post-content --><!-- wp:heading -->\r\n<h2><!-- wp:heading --><\/h2>\r\n<h2><!-- wp:heading --><\/h2>\r\n<h2><!-- wp:heading --><\/h2>\r\n<ol class=\"ochrana\">\r\n<li>Spolo\u010dnos\u0165 PV-Medical Services, sro, so s\u00eddlom Kali\u0161nick\u00e1 2889\/18, 130 00 Praha 3-\u017di\u017ekov, I\u010c 29361281, zap\u00edsan\u00e1 v obchodnom registri Okresn\u00e9ho s\u00fadu Praha oddiel C, vlo\u017eka 251123 \/ MSPH ako spr\u00e1vca osobn\u00fdch \u00fadajov pod\u013ea \u010dl. 26 Nariadenie , spracov\u00e1vaj\u00fa v pr\u00edpade v\u00e1\u0161ho dopytu slu\u017eieb v zmysle nariadenia Eur\u00f3pskeho parlamentu a Rady (E\u00da) \u010d. 2016\/679 o ochrane fyzick\u00fdch os\u00f4b pri sprac\u00favan\u00ed osobn\u00fdch \u00fadajov a vo\u013enom pohybe t\u00fdchto \u00fadajov a o zru\u0161en\u00ed smernice 95\/46 \/ ES (v\u0161eobecn\u00e9 nariadenie ochrane osobn\u00fdch \u00fadajov) (predt\u00fdm aj \u010falej len &#8222;Nariadenie&#8220;), nasleduj\u00face osobn\u00e9 \u00fadaje:\r\n<ol>\r\n<li>meno a priezvisko,<\/li>\r\n<li>emailov\u00fa adresu,<\/li>\r\n<li>text spr\u00e1vy.<\/li>\r\n<\/ol>\r\n<\/li>\r\n<li>Meno, priezvisko a emailov\u00fa adresu je nutn\u00e9 spracova\u0165 pre vytvorenie ponuky slu\u017eieb, jednanie o tejto ponuke alebo za \u00fa\u010delom odpovede na Va\u0161e dotazy. Tak\u00e9to spracovanie umo\u017e\u0148uje \u010dl. 6. ods. 1 p\u00edsm. b) Nariadenie. Tieto osobn\u00e9 \u00fadaje bud\u00fa spolo\u010dnos\u0165ou PV-Medical Services s.r.o. spracov\u00e1van\u00e9 po dobu jednania o v\u00e1\u0161ho vyu\u017eitia na\u0161ich slu\u017eieb medzi vami a PV-Medical Services s.r.o., najdlh\u0161ie 2 roky od v\u00e1\u0161ho dopytu, pokia\u013e neudel\u00edte s\u00fahlas na \u010fal\u0161ie spracovanie.<\/li>\r\n<li>Spracovanie osobn\u00fdch \u00fadajov je vykon\u00e1van\u00e9 spr\u00e1vcom a pr\u00edpadne \u010fal\u0161\u00edmi poskytovate\u013emi spracovate\u013esk\u00fdch softv\u00e9rov, slu\u017eieb a aplik\u00e1ci\u00ed, ktor\u00e9 v\u0161ak v s\u00fa\u010dasnosti Spolo\u010dn\u00ed spr\u00e1vcovia nevyu\u017e\u00edvaj\u00fa.<\/li>\r\n<li>Vezmite, pros\u00edm, na vedomie, \u017ee pod\u013ea Nariadenia m\u00e1te pr\u00e1vo:\r\n<ol>\r\n<li>po\u017eadova\u0165 od n\u00e1s inform\u00e1ciu, ako va\u0161e osobn\u00e9 \u00fadaje spracov\u00e1vame, pr\u00edpadne \u017eiada\u0165 k\u00f3piu t\u00fdchto osobn\u00fdch \u00fadajov,<\/li>\r\n<li>vy\u017eiada\u0165 si pr\u00edstup k t\u00fdmto \u00fadajom a necha\u0165 ich aktualizova\u0165 alebo opravi\u0165, alebo po\u017eadova\u0165 obmedzenia spracovania,<\/li>\r\n<li>po\u017eadova\u0165 od n\u00e1s vymazanie t\u00fdchto osobn\u00fdch \u00fadajov &#8211; tento v\u00fdmaz v\u0161ak bude ma\u0165 za n\u00e1sledok ukon\u010denie jednania o va\u0161om vyu\u017eit\u00ed na\u0161ich slu\u017eieb a bude vykonan\u00fd len v pr\u00edpade, \u017ee z\u00e1ujmy spolo\u010dn\u00fdch spr\u00e1vcov preva\u017euj\u00fa nad va\u0161ou ochranou s\u00fakromia,<\/li>\r\n<li>na prenosnos\u0165 \u00fadajov, pokia\u013e ide o automatizovan\u00e9 spracovanie,<\/li>\r\n<li>na \u00fa\u010dinn\u00fa s\u00fadnu ochranu, ak m\u00e1te za to, \u017ee va\u0161e pr\u00e1va pod\u013ea Nariadenia boli poru\u0161en\u00e9 v d\u00f4sledku spracovania va\u0161ich osobn\u00fdch \u00fadajov v rozpore s t\u00fdmto Nariaden\u00edm,<\/li>\r\n<li>poda\u0165 s\u0165a\u017enos\u0165 na \u00darade pre ochranu osobn\u00fdch \u00fadajov.<\/li>\r\n<\/ol>\r\n<\/li>\r\n<\/ol>\r\n<!-- \/wp:heading --><!-- \/wp:post-content -->","protected":false},"excerpt":{"rendered":"<p>Spolo\u010dnos\u0165 PV-Medical Services, sro, so s\u00eddlom Kali\u0161nick\u00e1 2889\/18, 130 00 Praha 3-\u017di\u017ekov, I\u010c 29361281, zap\u00edsan\u00e1 v obchodnom registri Okresn\u00e9ho s\u00fadu Praha oddiel C, vlo\u017eka 251123 \/ MSPH ako spr\u00e1vca osobn\u00fdch \u00fadajov pod\u013ea \u010dl. 26 Nariadenie , spracov\u00e1vaj\u00fa v pr\u00edpade v\u00e1\u0161ho dopytu slu\u017eieb v zmysle nariadenia Eur\u00f3pskeho parlamentu a Rady (E\u00da) \u010d. 2016\/679 o ochrane fyzick\u00fdch [&hellip;]<\/p>\n","protected":false},"author":1,"featured_media":0,"parent":0,"menu_order":0,"comment_status":"closed","ping_status":"open","template":"","meta":{"_acf_changed":false,"footnotes":""},"class_list":["post-195","page","type-page","status-publish","hentry"],"acf":[],"yoast_head":"<!-- This site is optimized with the Yoast SEO plugin v27.2 - https:\/\/yoast.com\/product\/yoast-seo-wordpress\/ -->\n<title>Ochrana osobn\u00fdch \u00fadajov - Residence Po\u0161tovn\u00ed<\/title>\n<meta name=\"robots\" content=\"index, follow, max-snippet:-1, max-image-preview:large, max-video-preview:-1\" \/>\n<link rel=\"canonical\" href=\"https:\/\/residencepostovni.cz\/sk\/ochrana-osobnich-udaju\/\" \/>\n<meta property=\"og:locale\" content=\"sk_SK\" \/>\n<meta property=\"og:type\" content=\"article\" \/>\n<meta property=\"og:title\" content=\"Ochrana osobn\u00fdch \u00fadajov - Residence Po\u0161tovn\u00ed\" \/>\n<meta property=\"og:description\" content=\"Spolo\u010dnos\u0165 PV-Medical Services, sro, so s\u00eddlom Kali\u0161nick\u00e1 2889\/18, 130 00 Praha 3-\u017di\u017ekov, I\u010c 29361281, zap\u00edsan\u00e1 v obchodnom registri Okresn\u00e9ho s\u00fadu Praha oddiel C, vlo\u017eka 251123 \/ MSPH ako spr\u00e1vca osobn\u00fdch \u00fadajov pod\u013ea \u010dl. 26 Nariadenie , spracov\u00e1vaj\u00fa v pr\u00edpade v\u00e1\u0161ho dopytu slu\u017eieb v zmysle nariadenia Eur\u00f3pskeho parlamentu a Rady (E\u00da) \u010d. 2016\/679 o ochrane fyzick\u00fdch [&hellip;]\" \/>\n<meta property=\"og:url\" content=\"https:\/\/residencepostovni.cz\/sk\/ochrana-osobnich-udaju\/\" \/>\n<meta property=\"og:site_name\" content=\"Residence Po\u0161tovn\u00ed\" \/>\n<meta property=\"article:modified_time\" content=\"2020-02-20T15:56:47+00:00\" \/>\n<meta name=\"twitter:card\" content=\"summary_large_image\" \/>\n<meta name=\"twitter:label1\" content=\"Predpokladan\u00fd \u010das \u010d\u00edtania\" \/>\n\t<meta name=\"twitter:data1\" content=\"2 min\u00faty\" \/>\n<script type=\"application\/ld+json\" class=\"yoast-schema-graph\">{\"@context\":\"https:\/\/schema.org\",\"@graph\":[{\"@type\":\"WebPage\",\"@id\":\"https:\/\/residencepostovni.cz\/sk\/ochrana-osobnich-udaju\/\",\"url\":\"https:\/\/residencepostovni.cz\/sk\/ochrana-osobnich-udaju\/\",\"name\":\"Ochrana osobn\u00fdch \u00fadajov - Residence Po\u0161tovn\u00ed\",\"isPartOf\":{\"@id\":\"https:\/\/residencepostovni.cz\/#website\"},\"datePublished\":\"2019-03-24T21:50:56+00:00\",\"dateModified\":\"2020-02-20T15:56:47+00:00\",\"breadcrumb\":{\"@id\":\"https:\/\/residencepostovni.cz\/sk\/ochrana-osobnich-udaju\/#breadcrumb\"},\"inLanguage\":\"sk-SK\",\"potentialAction\":[{\"@type\":\"ReadAction\",\"target\":[\"https:\/\/residencepostovni.cz\/sk\/ochrana-osobnich-udaju\/\"]}]},{\"@type\":\"BreadcrumbList\",\"@id\":\"https:\/\/residencepostovni.cz\/sk\/ochrana-osobnich-udaju\/#breadcrumb\",\"itemListElement\":[{\"@type\":\"ListItem\",\"position\":1,\"name\":\"Dom\u016f\",\"item\":\"https:\/\/residencepostovni.cz\/sk\/\"},{\"@type\":\"ListItem\",\"position\":2,\"name\":\"Ochrana osobn\u00fdch \u00fadajov\"}]},{\"@type\":\"WebSite\",\"@id\":\"https:\/\/residencepostovni.cz\/#website\",\"url\":\"https:\/\/residencepostovni.cz\/\",\"name\":\"Residence Po\u0161tovn\u00ed\",\"description\":\"\",\"potentialAction\":[{\"@type\":\"SearchAction\",\"target\":{\"@type\":\"EntryPoint\",\"urlTemplate\":\"https:\/\/residencepostovni.cz\/?s={search_term_string}\"},\"query-input\":{\"@type\":\"PropertyValueSpecification\",\"valueRequired\":true,\"valueName\":\"search_term_string\"}}],\"inLanguage\":\"sk-SK\"}]}<\/script>\n<!-- \/ Yoast SEO plugin. -->","yoast_head_json":{"title":"Ochrana osobn\u00fdch \u00fadajov - Residence Po\u0161tovn\u00ed","robots":{"index":"index","follow":"follow","max-snippet":"max-snippet:-1","max-image-preview":"max-image-preview:large","max-video-preview":"max-video-preview:-1"},"canonical":"https:\/\/residencepostovni.cz\/sk\/ochrana-osobnich-udaju\/","og_locale":"sk_SK","og_type":"article","og_title":"Ochrana osobn\u00fdch \u00fadajov - Residence Po\u0161tovn\u00ed","og_description":"Spolo\u010dnos\u0165 PV-Medical Services, sro, so s\u00eddlom Kali\u0161nick\u00e1 2889\/18, 130 00 Praha 3-\u017di\u017ekov, I\u010c 29361281, zap\u00edsan\u00e1 v obchodnom registri Okresn\u00e9ho s\u00fadu Praha oddiel C, vlo\u017eka 251123 \/ MSPH ako spr\u00e1vca osobn\u00fdch \u00fadajov pod\u013ea \u010dl. 26 Nariadenie , spracov\u00e1vaj\u00fa v pr\u00edpade v\u00e1\u0161ho dopytu slu\u017eieb v zmysle nariadenia Eur\u00f3pskeho parlamentu a Rady (E\u00da) \u010d. 2016\/679 o ochrane fyzick\u00fdch [&hellip;]","og_url":"https:\/\/residencepostovni.cz\/sk\/ochrana-osobnich-udaju\/","og_site_name":"Residence Po\u0161tovn\u00ed","article_modified_time":"2020-02-20T15:56:47+00:00","twitter_card":"summary_large_image","twitter_misc":{"Predpokladan\u00fd \u010das \u010d\u00edtania":"2 min\u00faty"},"schema":{"@context":"https:\/\/schema.org","@graph":[{"@type":"WebPage","@id":"https:\/\/residencepostovni.cz\/sk\/ochrana-osobnich-udaju\/","url":"https:\/\/residencepostovni.cz\/sk\/ochrana-osobnich-udaju\/","name":"Ochrana osobn\u00fdch \u00fadajov - Residence Po\u0161tovn\u00ed","isPartOf":{"@id":"https:\/\/residencepostovni.cz\/#website"},"datePublished":"2019-03-24T21:50:56+00:00","dateModified":"2020-02-20T15:56:47+00:00","breadcrumb":{"@id":"https:\/\/residencepostovni.cz\/sk\/ochrana-osobnich-udaju\/#breadcrumb"},"inLanguage":"sk-SK","potentialAction":[{"@type":"ReadAction","target":["https:\/\/residencepostovni.cz\/sk\/ochrana-osobnich-udaju\/"]}]},{"@type":"BreadcrumbList","@id":"https:\/\/residencepostovni.cz\/sk\/ochrana-osobnich-udaju\/#breadcrumb","itemListElement":[{"@type":"ListItem","position":1,"name":"Dom\u016f","item":"https:\/\/residencepostovni.cz\/sk\/"},{"@type":"ListItem","position":2,"name":"Ochrana osobn\u00fdch \u00fadajov"}]},{"@type":"WebSite","@id":"https:\/\/residencepostovni.cz\/#website","url":"https:\/\/residencepostovni.cz\/","name":"Residence Po\u0161tovn\u00ed","description":"","potentialAction":[{"@type":"SearchAction","target":{"@type":"EntryPoint","urlTemplate":"https:\/\/residencepostovni.cz\/?s={search_term_string}"},"query-input":{"@type":"PropertyValueSpecification","valueRequired":true,"valueName":"search_term_string"}}],"inLanguage":"sk-SK"}]}},"_links":{"self":[{"href":"https:\/\/residencepostovni.cz\/sk\/wp-json\/wp\/v2\/pages\/195","targetHints":{"allow":["GET"]}}],"collection":[{"href":"https:\/\/residencepostovni.cz\/sk\/wp-json\/wp\/v2\/pages"}],"about":[{"href":"https:\/\/residencepostovni.cz\/sk\/wp-json\/wp\/v2\/types\/page"}],"author":[{"embeddable":true,"href":"https:\/\/residencepostovni.cz\/sk\/wp-json\/wp\/v2\/users\/1"}],"replies":[{"embeddable":true,"href":"https:\/\/residencepostovni.cz\/sk\/wp-json\/wp\/v2\/comments?post=195"}],"version-history":[{"count":2,"href":"https:\/\/residencepostovni.cz\/sk\/wp-json\/wp\/v2\/pages\/195\/revisions"}],"predecessor-version":[{"id":209,"href":"https:\/\/residencepostovni.cz\/sk\/wp-json\/wp\/v2\/pages\/195\/revisions\/209"}],"wp:attachment":[{"href":"https:\/\/residencepostovni.cz\/sk\/wp-json\/wp\/v2\/media?parent=195"}],"curies":[{"name":"wp","href":"https:\/\/api.w.org\/{rel}","templated":true}]}}